{"id":2584,"date":"2023-11-23T14:39:24","date_gmt":"2023-11-23T14:39:24","guid":{"rendered":"https:\/\/gruppoisc.com\/website2023\/?page_id=2584"},"modified":"2023-11-23T14:39:24","modified_gmt":"2023-11-23T14:39:24","slug":"artificial-intelligence","status":"publish","type":"page","link":"https:\/\/www.gruppoisc.com\/website2025\/servizi\/artificial-intelligence\/","title":{"rendered":"Artificial Intelligence"},"content":{"rendered":"<div class=\"wpb-content-wrapper\"><p>[vc_row wrap_container=&#8221;yes&#8221; is_section=&#8221;yes&#8221; remove_margin_top=&#8221;yes&#8221; remove_margin_bottom=&#8221;yes&#8221; remove_border=&#8221;yes&#8221; conditional_render=&#8221;%5B%7B%22value_role%22%3A%22administrator%22%7D%5D&#8221;][vc_column][vc_row_inner animation_delay=&#8221;100&#8243; el_class=&#8221;align-items-center&#8221; animation_type=&#8221;fadeInRight&#8221;][vc_column_inner][vc_column_text css=&#8221;.vc_custom_1702464911984{margin-bottom: 0px !important;}&#8221;]<\/p>\n<p style=\"text-align: justify;\"><strong>Benvenuti nel cuore dell&#8217;innovazione presso Gruppo ISC<\/strong>, dove abbracciamo l&#8217;intelligenza artificiale (IA) come fulcro della nostra strategia aziendale e come forza della vostra crescita. La visione integrata di big data e machine learning \u00e8 progettata per plasmare il futuro dell&#8217;azienda, guidandovi attraverso un percorso di progresso e efficienza senza precedenti.<\/p>\n<p style=\"text-align: justify;\">Inizia tutto con la raccolta e la gestione dei dati, un processo meticoloso che va oltre la semplice aggregazione. Per noi, significa comprendere la diversit\u00e0 delle fonti, dalla ricchezza dei database alla variet\u00e0 di informazioni provenienti dai social media e dagli IoT. Ma non ci fermiamo qui. La nostra attenzione si estende alla<strong> qualit\u00e0 e alla coerenza<\/strong>, poich\u00e9 sappiamo che la vera forza dei dati risiede nella loro <strong> precisione<\/strong>.<\/p>\n<p style=\"text-align: justify;\">Il passo successivo \u00e8 un&#8217;analisi profonda, uno sguardo sotto la superficie dei dati per identificare pattern, relazioni e trend. Questo non \u00e8 solo un processo tecnico, ma una vera e propria esplorazione che ci permette di scoprire connessioni nascoste e acquisire una visione pi\u00f9 approfondita della realt\u00e0 analizzata.<\/p>\n<p style=\"text-align: justify;\">L&#8217;introduzione del <strong>machine learning personalizzato<\/strong> \u00e8 ci\u00f2 che distingue veramente la nostra approvazione dell&#8217;IA. Non si tratta solo di addestrare modelli predittivi, ma di creare soluzioni su misura che si integrano perfettamente con le esigenze specifiche. Questo \u00e8 il nostro modo di assicurarci che le decisioni siano basate su dati pertinenti e che la nostra IA sia sempre allineata con il vostro evolversi.<\/p>\n<p style=\"text-align: justify;\">Sistemi di raccomandazione e analisi predittive sono implementati per anticipare le esigenze del mercato e migliorare continuamente l&#8217;esperienza di Gruppo ISC. Ma non ci fermiamo qui. Per noi, l&#8217;IA \u00e8 anche sinonimo di automazione strategica. Utilizziamo la potenza dell&#8217;IA per ottimizzare i processi aziendali, dalla gestione dei dati alla previsione della domanda. \u00c8 un modo di lavorare pi\u00f9 intelligente, <strong>liberando il potenziale della vostra azienda<\/strong>.<\/p>\n<p style=\"text-align: justify;\">La sicurezza dei vostri dati \u00e8 un impegno sacro. Ci assicuriamo che la privacy e la protezione siano al centro di ogni fase del nostro lavoro, garantendo un ambiente di lavoro digitale sicuro.<\/p>\n<p style=\"text-align: justify;\">Infine, l&#8217;innovazione continua e l&#8217;etica sono i pilastri su cui si basa la nostra adozione dell&#8217;IA. Manteniamo modelli e approcci costantemente aggiornati, e <strong>operiamo con trasparenza<\/strong>, equit\u00e0 e responsabilit\u00e0, assicurando un utilizzo etico dell&#8217;IA che rispecchi i vostri valori aziendali.<\/p>\n<p>[\/vc_column_text][\/vc_column_inner][\/vc_row_inner][\/vc_column][\/vc_row][vc_row conditional_render=&#8221;%5B%7B%22value_role%22%3A%22administrator%22%7D%5D&#8221; el_class=&#8221;no-padding&#8221;][vc_column width=&#8221;1\/3&#8243; css=&#8221;.vc_custom_1700750638979{padding-top: 40px !important;padding-right: 40px !important;padding-bottom: 40px !important;padding-left: 40px !important;background-color: #682678 !important;}&#8221; conditional_render=&#8221;%5B%7B%22value_role%22%3A%22administrator%22%7D%5D&#8221;]<div class=\"porto-sicon-box  wpb_custom_c08b50971e0aa11a40c8904488369f60 style_1 top-icon\"><div class=\"porto-sicon-top\"><div class=\"porto-just-icon-wrapper porto-sicon-img  porto-icon-9f5d1cfb45d27d96b50bf473aebba227\" style=\"font-size: 48px;\"><img loading=\"lazy\" decoding=\"async\" class=\"img-icon\" alt=\"\" src=\"https:\/\/www.gruppoisc.com\/website2025\/wp-content\/uploads\/2023\/11\/AI-icona-07.png\" width=\"70\" height=\"70\" \/><\/div><\/div><div class=\"porto-sicon-header\"><h3 class=\"porto-sicon-title\" style=\"font-weight:600;font-size:20px;color:#ffffff;line-height:38px;\">Sopporto completo alla gestione dei dati<\/h3><\/div> <!-- header --><\/div><!-- porto-sicon-box -->[\/vc_column][vc_column width=&#8221;1\/3&#8243; css=&#8221;.vc_custom_1700750657737{padding-top: 40px !important;padding-right: 40px !important;padding-bottom: 40px !important;padding-left: 40px !important;background-color: #772c89 !important;}&#8221; conditional_render=&#8221;%5B%7B%22value_role%22%3A%22administrator%22%7D%5D&#8221;]<div class=\"porto-sicon-box  wpb_custom_c08b50971e0aa11a40c8904488369f60 style_1 top-icon\"><div class=\"porto-sicon-top\"><div class=\"porto-just-icon-wrapper porto-sicon-img  porto-icon-9f5d1cfb45d27d96b50bf473aebba227\" style=\"font-size: 48px;\"><img loading=\"lazy\" decoding=\"async\" class=\"img-icon\" alt=\"\" src=\"https:\/\/www.gruppoisc.com\/website2025\/wp-content\/uploads\/2023\/11\/AI-icona-08.png\" width=\"70\" height=\"70\" \/><\/div><\/div><div class=\"porto-sicon-header\"><h3 class=\"porto-sicon-title\" style=\"font-weight:600;font-size:20px;color:#ffffff;line-height:38px;\">Consulenza specializzata orientata al business<\/h3><\/div> <!-- header --><\/div><!-- porto-sicon-box -->[\/vc_column][vc_column width=&#8221;1\/3&#8243; css=&#8221;.vc_custom_1700750689394{padding-top: 40px !important;padding-right: 40px !important;padding-bottom: 40px !important;padding-left: 40px !important;background-color: #87339c !important;}&#8221; conditional_render=&#8221;%5B%7B%22value_role%22%3A%22administrator%22%7D%5D&#8221;]<div class=\"porto-sicon-box  wpb_custom_c08b50971e0aa11a40c8904488369f60 style_1 top-icon\"><div class=\"porto-sicon-top\"><div class=\"porto-just-icon-wrapper porto-sicon-img  porto-icon-9f5d1cfb45d27d96b50bf473aebba227\" style=\"font-size: 48px;\"><img loading=\"lazy\" decoding=\"async\" class=\"img-icon\" alt=\"\" src=\"https:\/\/www.gruppoisc.com\/website2025\/wp-content\/uploads\/2023\/11\/AI-icona-09.png\" width=\"70\" height=\"70\" \/><\/div><\/div><div class=\"porto-sicon-header\"><h3 class=\"porto-sicon-title\" style=\"font-weight:600;font-size:20px;color:#ffffff;line-height:38px;\">Soluzioni proprietarie... un perfetto time to market<\/h3><\/div> <!-- header --><\/div><!-- porto-sicon-box -->[\/vc_column][\/vc_row][vc_row wrap_container=&#8221;yes&#8221; is_section=&#8221;yes&#8221; section_skin=&#8221;primary&#8221; remove_margin_top=&#8221;yes&#8221; remove_margin_bottom=&#8221;yes&#8221; remove_border=&#8221;yes&#8221; conditional_render=&#8221;%5B%7B%22value_role%22%3A%22administrator%22%7D%5D&#8221;][vc_column][vc_row_inner animation_delay=&#8221;100&#8243; el_class=&#8221;align-items-center&#8221; animation_type=&#8221;fadeInLeft&#8221;][vc_column_inner el_class=&#8221;order-md-2&#8243; width=&#8221;1\/3&#8243;][vc_single_image image=&#8221;29149&#8243; img_size=&#8221;full&#8221; el_class=&#8221;mt-4&#8243;][\/vc_column_inner][vc_column_inner width=&#8221;2\/3&#8243;]<div class=\"porto-u-heading  wpb_custom_95aa9a11c17ad45cfabaf210d84ee7cc porto-u-ad87e2eaf3f9c495180fe0156ddf3eb0 \"><div class=\"porto-u-main-heading\"><h2   style=\"margin-bottom: 20px;font-size:25px;\">Approccio <b>Data Quality Oriented<\/b><\/h2><\/div><style>.porto-u-ad87e2eaf3f9c495180fe0156ddf3eb0.porto-u-heading{text-align:left}<\/style><\/div>[vc_column_text]<\/p>\n<p align=\"justify\">Siamo il tuo miglior partner per sfruttare tutto il potenziale dei tuoi dati; perch\u00e9 sono diventati fattori importanti per il gli obiettivi di business. La qualit\u00e0 dei dati \u00e8 sempre al centro del nostro lavoro e i nostri consulenti sono in grado di supportare il cliente in ogni fase di progetto. Oltre all\u2019esperienza dei nostri consulenti specializzati, mettiamo a disposizione soluzioni proprietarie, ovvero tutto quanto necessario per realizzare con successo un progetto di qualit\u00e0 dei dati. La nostra metodologia di progetto, fortemente orientata al cliente, consente un supporto completo dalla fase di pianificazione, implementazione, fino al Go-Live.<\/p>\n<p>I vantaggi di un approccio <strong>Data Quality Oriented<\/strong>:<\/p>\n<ul>\n<li>Riduzione del rischio di progetto con metodi di progetto strutturati e trasparenti<\/li>\n<li>Tempo di progetto realistico con un\u2019approfondita pianificazione del progetto<\/li>\n<li>Progetto eseguito da consulenti specializzati in tematiche e processi di Data Quality<\/li>\n<\/ul>\n<p>[\/vc_column_text][\/vc_column_inner][\/vc_row_inner][\/vc_column][\/vc_row][vc_row wrap_container=&#8221;yes&#8221; is_section=&#8221;yes&#8221; remove_margin_top=&#8221;yes&#8221; remove_margin_bottom=&#8221;yes&#8221; remove_border=&#8221;yes&#8221; conditional_render=&#8221;%5B%7B%22value_role%22%3A%22administrator%22%7D%5D&#8221;][vc_column][vc_row_inner animation_delay=&#8221;100&#8243; el_class=&#8221;align-items-center&#8221; animation_type=&#8221;fadeInRight&#8221;][vc_column_inner width=&#8221;1\/3&#8243;][vc_single_image image=&#8221;29150&#8243; img_size=&#8221;full&#8221; el_class=&#8221;mt-4&#8243;][\/vc_column_inner][vc_column_inner width=&#8221;2\/3&#8243;]<div class=\"porto-u-heading  wpb_custom_95aa9a11c17ad45cfabaf210d84ee7cc porto-u-ad87e2eaf3f9c495180fe0156ddf3eb0 \"><div class=\"porto-u-main-heading\"><h2   style=\"margin-bottom: 20px;font-size:25px;\">Approccio <b>Data Driven<\/b><\/h2><\/div><style>.porto-u-ad87e2eaf3f9c495180fe0156ddf3eb0.porto-u-heading{text-align:left}<\/style><\/div>[vc_column_text css=&#8221;.vc_custom_1700753005596{margin-bottom: 0px !important;}&#8221;]<\/p>\n<p style=\"text-align: justify;\">Conoscere lo stato di \u201csalute\u201d dei dati \u00e8 fondamentale per affrontare qualsiasi scelta ed azione per il loro miglioramento. Questo consente un efficientamento dei processi produttivi ed un conseguente aumento delle possibilit\u00e0 di successo del business.<\/p>\n<p style=\"text-align: justify;\">Per questi motivi, non va trascurata la qualit\u00e0 dei dati. La nostra esperienza ci dice che nella maggior parte delle aziende raramente esiste una corretta visione di tutti i sistemi, i processi e, di conseguenza, della qualit\u00e0 dei dati gestiti. Un corretto approccio a questi scenari \u00e8 quello di ottenere una visione completa di tutte le informazioni gestite; solo allora \u00e8 possibile avviare azioni di miglioramento ed ottimizzazione. Il presupposto per un miglioramento dei risultati business, una pianificazione aziendale corretta, campagne ed azioni di marketing efficienti e un buon servizio clienti \u2013 sono una conseguenza di dati di alta qualit\u00e0.<\/p>\n<p style=\"text-align: justify;\">Per elevare la qualit\u00e0 dei dati anagrafici dei clienti al livello giusto, per esempio, \u00e8 necessario capire l\u2019attuale livello di qualit\u00e0 degli stessi. Le soluzioni sviluppate da ISC, sono in grado di rilevare tutti gli indicatori di qualit\u00e0, come da standard. Allo stesso tempo consentono di definire e rilevare indicatori \u201ccustom\u201d derivati dalle effettive necessit\u00e0 di business. Tutto questo comsente una fotografia completa delle informazioni gestite e quindi di definire le aree di intervento al fine di un miglioramento delle azioni di business, sia in termini di processi lavorativi che specificatamente IT. Il risultato delle attivit\u00e0 di rilevamento ed analisi saranno espressi in opportuni report business driven e IT oriented.<\/p>\n<p>[\/vc_column_text][\/vc_column_inner][\/vc_row_inner][\/vc_column][\/vc_row]<\/p>\n<\/div>","protected":false},"excerpt":{"rendered":"<p>[vc_row wrap_container=&#8221;yes&#8221; is_section=&#8221;yes&#8221; remove_margin_top=&#8221;yes&#8221; remove_margin_bottom=&#8221;yes&#8221; remove_border=&#8221;yes&#8221; conditional_render=&#8221;%5B%7B%22value_role%22%3A%22administrator%22%7D%5D&#8221;][vc_column][vc_row_inner animation_delay=&#8221;100&#8243; el_class=&#8221;align-items-center&#8221; animation_type=&#8221;fadeInRight&#8221;][vc_column_inner][vc_column_text css=&#8221;.vc_custom_1702464911984{margin-bottom: 0px !important;}&#8221;] Benvenuti nel cuore dell&#8217;innovazione presso Gruppo ISC, dove abbracciamo l&#8217;intelligenza artificiale (IA) come fulcro della nostra strategia aziendale e come forza della vostra crescita. La visione integrata di big data e machine learning \u00e8 progettata per plasmare il futuro dell&#8217;azienda, guidandovi attraverso [&hellip;]<\/p>\n","protected":false},"author":1,"featured_media":0,"parent":2585,"menu_order":0,"comment_status":"closed","ping_status":"closed","template":"","meta":{"footnotes":""},"class_list":["post-2584","page","type-page","status-publish","hentry"],"yoast_head":"<!-- This site is optimized with the Yoast SEO plugin v27.4 - https:\/\/yoast.com\/product\/yoast-seo-wordpress\/ -->\n<title>Artificial Intelligence - GruppoISC<\/title>\n<meta name=\"robots\" content=\"index, follow, max-snippet:-1, max-image-preview:large, max-video-preview:-1\" \/>\n<link rel=\"canonical\" href=\"https:\/\/www.gruppoisc.com\/website2025\/servizi\/artificial-intelligence\/\" \/>\n<meta property=\"og:locale\" content=\"it_IT\" \/>\n<meta property=\"og:type\" content=\"article\" \/>\n<meta property=\"og:title\" content=\"Artificial Intelligence - GruppoISC\" \/>\n<meta property=\"og:description\" content=\"[vc_row wrap_container=&#8221;yes&#8221; is_section=&#8221;yes&#8221; remove_margin_top=&#8221;yes&#8221; remove_margin_bottom=&#8221;yes&#8221; remove_border=&#8221;yes&#8221; conditional_render=&#8221;%5B%7B%22value_role%22%3A%22administrator%22%7D%5D&#8221;][vc_column][vc_row_inner animation_delay=&#8221;100&#8243; el_class=&#8221;align-items-center&#8221; animation_type=&#8221;fadeInRight&#8221;][vc_column_inner][vc_column_text css=&#8221;.vc_custom_1702464911984{margin-bottom: 0px !important;}&#8221;] Benvenuti nel cuore dell&#8217;innovazione presso Gruppo ISC, dove abbracciamo l&#8217;intelligenza artificiale (IA) come fulcro della nostra strategia aziendale e come forza della vostra crescita. La visione integrata di big data e machine learning \u00e8 progettata per plasmare il futuro dell&#8217;azienda, guidandovi attraverso [&hellip;]\" \/>\n<meta property=\"og:url\" content=\"https:\/\/www.gruppoisc.com\/website2025\/servizi\/artificial-intelligence\/\" \/>\n<meta property=\"og:site_name\" content=\"GruppoISC\" \/>\n<meta name=\"twitter:card\" content=\"summary_large_image\" \/>\n<meta name=\"twitter:label1\" content=\"Tempo di lettura stimato\" \/>\n\t<meta name=\"twitter:data1\" content=\"6 minuti\" \/>\n<script type=\"application\/ld+json\" class=\"yoast-schema-graph\">{\"@context\":\"https:\\\/\\\/schema.org\",\"@graph\":[{\"@type\":\"WebPage\",\"@id\":\"https:\\\/\\\/www.gruppoisc.com\\\/website2025\\\/servizi\\\/artificial-intelligence\\\/\",\"url\":\"https:\\\/\\\/www.gruppoisc.com\\\/website2025\\\/servizi\\\/artificial-intelligence\\\/\",\"name\":\"Artificial Intelligence - GruppoISC\",\"isPartOf\":{\"@id\":\"https:\\\/\\\/www.gruppoisc.com\\\/website2025\\\/#website\"},\"datePublished\":\"2023-11-23T14:39:24+00:00\",\"breadcrumb\":{\"@id\":\"https:\\\/\\\/www.gruppoisc.com\\\/website2025\\\/servizi\\\/artificial-intelligence\\\/#breadcrumb\"},\"inLanguage\":\"it-IT\",\"potentialAction\":[{\"@type\":\"ReadAction\",\"target\":[\"https:\\\/\\\/www.gruppoisc.com\\\/website2025\\\/servizi\\\/artificial-intelligence\\\/\"]}]},{\"@type\":\"BreadcrumbList\",\"@id\":\"https:\\\/\\\/www.gruppoisc.com\\\/website2025\\\/servizi\\\/artificial-intelligence\\\/#breadcrumb\",\"itemListElement\":[{\"@type\":\"ListItem\",\"position\":1,\"name\":\"Home\",\"item\":\"https:\\\/\\\/www.gruppoisc.com\\\/website2025\\\/\"},{\"@type\":\"ListItem\",\"position\":2,\"name\":\"Servizi\",\"item\":\"https:\\\/\\\/www.gruppoisc.com\\\/website2025\\\/servizi\\\/\"},{\"@type\":\"ListItem\",\"position\":3,\"name\":\"Artificial Intelligence\"}]},{\"@type\":\"WebSite\",\"@id\":\"https:\\\/\\\/www.gruppoisc.com\\\/website2025\\\/#website\",\"url\":\"https:\\\/\\\/www.gruppoisc.com\\\/website2025\\\/\",\"name\":\"GruppoISC\",\"description\":\"Noi siamo Gruppo ISC\",\"potentialAction\":[{\"@type\":\"SearchAction\",\"target\":{\"@type\":\"EntryPoint\",\"urlTemplate\":\"https:\\\/\\\/www.gruppoisc.com\\\/website2025\\\/?s={search_term_string}\"},\"query-input\":{\"@type\":\"PropertyValueSpecification\",\"valueRequired\":true,\"valueName\":\"search_term_string\"}}],\"inLanguage\":\"it-IT\"}]}<\/script>\n<!-- \/ Yoast SEO plugin. -->","yoast_head_json":{"title":"Artificial Intelligence - GruppoISC","robots":{"index":"index","follow":"follow","max-snippet":"max-snippet:-1","max-image-preview":"max-image-preview:large","max-video-preview":"max-video-preview:-1"},"canonical":"https:\/\/www.gruppoisc.com\/website2025\/servizi\/artificial-intelligence\/","og_locale":"it_IT","og_type":"article","og_title":"Artificial Intelligence - GruppoISC","og_description":"[vc_row wrap_container=&#8221;yes&#8221; is_section=&#8221;yes&#8221; remove_margin_top=&#8221;yes&#8221; remove_margin_bottom=&#8221;yes&#8221; remove_border=&#8221;yes&#8221; conditional_render=&#8221;%5B%7B%22value_role%22%3A%22administrator%22%7D%5D&#8221;][vc_column][vc_row_inner animation_delay=&#8221;100&#8243; el_class=&#8221;align-items-center&#8221; animation_type=&#8221;fadeInRight&#8221;][vc_column_inner][vc_column_text css=&#8221;.vc_custom_1702464911984{margin-bottom: 0px !important;}&#8221;] Benvenuti nel cuore dell&#8217;innovazione presso Gruppo ISC, dove abbracciamo l&#8217;intelligenza artificiale (IA) come fulcro della nostra strategia aziendale e come forza della vostra crescita. La visione integrata di big data e machine learning \u00e8 progettata per plasmare il futuro dell&#8217;azienda, guidandovi attraverso [&hellip;]","og_url":"https:\/\/www.gruppoisc.com\/website2025\/servizi\/artificial-intelligence\/","og_site_name":"GruppoISC","twitter_card":"summary_large_image","twitter_misc":{"Tempo di lettura stimato":"6 minuti"},"schema":{"@context":"https:\/\/schema.org","@graph":[{"@type":"WebPage","@id":"https:\/\/www.gruppoisc.com\/website2025\/servizi\/artificial-intelligence\/","url":"https:\/\/www.gruppoisc.com\/website2025\/servizi\/artificial-intelligence\/","name":"Artificial Intelligence - GruppoISC","isPartOf":{"@id":"https:\/\/www.gruppoisc.com\/website2025\/#website"},"datePublished":"2023-11-23T14:39:24+00:00","breadcrumb":{"@id":"https:\/\/www.gruppoisc.com\/website2025\/servizi\/artificial-intelligence\/#breadcrumb"},"inLanguage":"it-IT","potentialAction":[{"@type":"ReadAction","target":["https:\/\/www.gruppoisc.com\/website2025\/servizi\/artificial-intelligence\/"]}]},{"@type":"BreadcrumbList","@id":"https:\/\/www.gruppoisc.com\/website2025\/servizi\/artificial-intelligence\/#breadcrumb","itemListElement":[{"@type":"ListItem","position":1,"name":"Home","item":"https:\/\/www.gruppoisc.com\/website2025\/"},{"@type":"ListItem","position":2,"name":"Servizi","item":"https:\/\/www.gruppoisc.com\/website2025\/servizi\/"},{"@type":"ListItem","position":3,"name":"Artificial Intelligence"}]},{"@type":"WebSite","@id":"https:\/\/www.gruppoisc.com\/website2025\/#website","url":"https:\/\/www.gruppoisc.com\/website2025\/","name":"GruppoISC","description":"Noi siamo Gruppo ISC","potentialAction":[{"@type":"SearchAction","target":{"@type":"EntryPoint","urlTemplate":"https:\/\/www.gruppoisc.com\/website2025\/?s={search_term_string}"},"query-input":{"@type":"PropertyValueSpecification","valueRequired":true,"valueName":"search_term_string"}}],"inLanguage":"it-IT"}]}},"_links":{"self":[{"href":"https:\/\/www.gruppoisc.com\/website2025\/wp-json\/wp\/v2\/pages\/2584","targetHints":{"allow":["GET"]}}],"collection":[{"href":"https:\/\/www.gruppoisc.com\/website2025\/wp-json\/wp\/v2\/pages"}],"about":[{"href":"https:\/\/www.gruppoisc.com\/website2025\/wp-json\/wp\/v2\/types\/page"}],"author":[{"embeddable":true,"href":"https:\/\/www.gruppoisc.com\/website2025\/wp-json\/wp\/v2\/users\/1"}],"replies":[{"embeddable":true,"href":"https:\/\/www.gruppoisc.com\/website2025\/wp-json\/wp\/v2\/comments?post=2584"}],"version-history":[{"count":0,"href":"https:\/\/www.gruppoisc.com\/website2025\/wp-json\/wp\/v2\/pages\/2584\/revisions"}],"up":[{"embeddable":true,"href":"https:\/\/www.gruppoisc.com\/website2025\/wp-json\/wp\/v2\/pages\/2585"}],"wp:attachment":[{"href":"https:\/\/www.gruppoisc.com\/website2025\/wp-json\/wp\/v2\/media?parent=2584"}],"curies":[{"name":"wp","href":"https:\/\/api.w.org\/{rel}","templated":true}]}}