{"id":29238,"date":"2023-11-30T18:36:50","date_gmt":"2023-11-30T18:36:50","guid":{"rendered":"https:\/\/gruppoisc.com\/website2023\/?page_id=29238"},"modified":"2023-11-30T18:36:50","modified_gmt":"2023-11-30T18:36:50","slug":"path","status":"publish","type":"page","link":"https:\/\/www.gruppoisc.com\/website2025\/soluzioni\/path\/","title":{"rendered":"Path"},"content":{"rendered":"<div class=\"wpb-content-wrapper\"><p>[vc_row conditional_render=&#8221;%5B%7B%22value_role%22%3A%22administrator%22%7D%5D&#8221; el_class=&#8221;no-padding&#8221;][vc_column width=&#8221;1\/4&#8243; css=&#8221;.vc_custom_1700745383135{padding-top: 40px !important;padding-right: 40px !important;padding-bottom: 40px !important;padding-left: 40px !important;background-color: #1f3765 !important;}&#8221; conditional_render=&#8221;%5B%7B%22value_role%22%3A%22administrator%22%7D%5D&#8221;]<div class=\"porto-sicon-box  wpb_custom_c08b50971e0aa11a40c8904488369f60 style_1 top-icon\"><div class=\"porto-sicon-top\"><div class=\"porto-just-icon-wrapper porto-sicon-img  porto-icon-9f5d1cfb45d27d96b50bf473aebba227\" style=\"font-size: 48px;\"><img loading=\"lazy\" decoding=\"async\" class=\"img-icon\" alt=\"\" src=\"https:\/\/www.gruppoisc.com\/website2025\/wp-content\/uploads\/2023\/11\/Number01.png\" width=\"70\" height=\"70\" \/><\/div><\/div><div class=\"porto-sicon-header\"><h3 class=\"porto-sicon-title\" style=\"font-weight:600;font-size:20px;color:#ffffff;line-height:38px;\">BIG DATA fast performance<\/h3><p style=\"font-weight:300;color:rgba(255,255,255,0.8);\">Al Passo con l'Innovazione: Velocit\u00e0 e Potenza nei Big Data<\/p><\/div> <!-- header --><\/div><!-- porto-sicon-box -->[\/vc_column][vc_column width=&#8221;1\/4&#8243; css=&#8221;.vc_custom_1700745472134{padding-top: 40px !important;padding-right: 40px !important;padding-bottom: 40px !important;padding-left: 40px !important;background-color: #213d72 !important;}&#8221; conditional_render=&#8221;%5B%7B%22value_role%22%3A%22administrator%22%7D%5D&#8221;]<div class=\"porto-sicon-box  wpb_custom_c08b50971e0aa11a40c8904488369f60 style_1 top-icon\"><div class=\"porto-sicon-top\"><div class=\"porto-just-icon-wrapper porto-sicon-img  porto-icon-9f5d1cfb45d27d96b50bf473aebba227\" style=\"font-size: 48px;\"><img loading=\"lazy\" decoding=\"async\" class=\"img-icon\" alt=\"\" src=\"https:\/\/www.gruppoisc.com\/website2025\/wp-content\/uploads\/2023\/11\/Number02.png\" width=\"70\" height=\"70\" \/><\/div><\/div><div class=\"porto-sicon-header\"><h3 class=\"porto-sicon-title\" style=\"font-weight:600;font-size:20px;color:#ffffff;line-height:38px;\">Identificazione duplicati cross charset, multilingua<\/h3><p style=\"font-weight:300;color:rgba(255,255,255,0.8);\">Oltre le Barriere delle Lingue: Identificazione Globale di Duplicati Cross-Charset<\/p><\/div> <!-- header --><\/div><!-- porto-sicon-box -->[\/vc_column][vc_column width=&#8221;1\/4&#8243; css=&#8221;.vc_custom_1700745493144{padding-top: 40px !important;padding-right: 40px !important;padding-bottom: 40px !important;padding-left: 40px !important;background-color: #23417b !important;}&#8221; conditional_render=&#8221;%5B%7B%22value_role%22%3A%22administrator%22%7D%5D&#8221;]<div class=\"porto-sicon-box  wpb_custom_c08b50971e0aa11a40c8904488369f60 style_1 top-icon\"><div class=\"porto-sicon-top\"><div class=\"porto-just-icon-wrapper porto-sicon-img  porto-icon-9f5d1cfb45d27d96b50bf473aebba227\" style=\"font-size: 48px;\"><img loading=\"lazy\" decoding=\"async\" class=\"img-icon\" alt=\"\" src=\"https:\/\/www.gruppoisc.com\/website2025\/wp-content\/uploads\/2023\/11\/Number03.png\" width=\"70\" height=\"70\" \/><\/div><\/div><div class=\"porto-sicon-header\"><h3 class=\"porto-sicon-title\" style=\"font-weight:600;font-size:20px;color:#ffffff;line-height:38px;\">Supporto Unicode completo<\/h3><p style=\"font-weight:300;color:rgba(255,255,255,0.8);\">Supporto Unicode Completo per una Connessione Globale<\/p><\/div> <!-- header --><\/div><!-- porto-sicon-box -->[\/vc_column][vc_column width=&#8221;1\/4&#8243; css=&#8221;.vc_custom_1700745506371{padding-top: 40px !important;padding-right: 40px !important;padding-bottom: 40px !important;padding-left: 40px !important;background-color: #264785 !important;}&#8221; conditional_render=&#8221;%5B%7B%22value_role%22%3A%22administrator%22%7D%5D&#8221;]<div class=\"porto-sicon-box  wpb_custom_c08b50971e0aa11a40c8904488369f60 style_1 top-icon\"><div class=\"porto-sicon-top\"><div class=\"porto-just-icon-wrapper porto-sicon-img  porto-icon-9f5d1cfb45d27d96b50bf473aebba227\" style=\"font-size: 48px;\"><img loading=\"lazy\" decoding=\"async\" class=\"img-icon\" alt=\"\" src=\"https:\/\/www.gruppoisc.com\/website2025\/wp-content\/uploads\/2023\/11\/Number04.png\" width=\"70\" height=\"70\" \/><\/div><\/div><div class=\"porto-sicon-header\"><h3 class=\"porto-sicon-title\" style=\"font-weight:600;font-size:20px;color:#ffffff;line-height:38px;\">Interfaccia web intuitiva con funzioni drill down<\/h3><p style=\"font-weight:300;color:rgba(255,255,255,0.8);\">Un'Interfaccia Web Intuitiva con Potenti Funzioni Drill Down<\/p><\/div> <!-- header --><\/div><!-- porto-sicon-box -->[\/vc_column][\/vc_row][vc_row wrap_container=&#8221;yes&#8221; is_section=&#8221;yes&#8221; remove_margin_top=&#8221;yes&#8221; remove_margin_bottom=&#8221;yes&#8221; remove_border=&#8221;yes&#8221; conditional_render=&#8221;%5B%7B%22value_role%22%3A%22administrator%22%7D%5D&#8221;][vc_column][vc_row_inner animation_delay=&#8221;100&#8243; el_class=&#8221;align-items-center&#8221; animation_type=&#8221;fadeInRight&#8221;][vc_column_inner width=&#8221;1\/3&#8243;][vc_single_image image=&#8221;29615&#8243; img_size=&#8221;full&#8221; el_class=&#8221;mt-4&#8243; label=&#8221;&#8221;][\/vc_column_inner][vc_column_inner width=&#8221;2\/3&#8243; css=&#8221;.vc_custom_1700746771623{margin-bottom: 0px !important;}&#8221;]<div class=\"porto-u-heading  wpb_custom_95aa9a11c17ad45cfabaf210d84ee7cc porto-u-ad87e2eaf3f9c495180fe0156ddf3eb0 \"><div class=\"porto-u-main-heading\"><h2   style=\"margin-bottom: 20px;font-size:25px;\"><b>Integrator<\/b><\/h2><\/div><style>.porto-u-ad87e2eaf3f9c495180fe0156ddf3eb0.porto-u-heading{text-align:left}<\/style><\/div>[vc_column_text css=&#8221;.vc_custom_1701371838063{margin-bottom: 0px !important;}&#8221;]<\/p>\n<p align=\"justify\">L\u2019etereogeneit\u00e0 del patrimonio informativo delle attuali organizzazioni, siano esse pubbliche o private, rendono necessari strumenti evoluti di sincronizzazione e riconciliazione delle diverse fonti dati. Il modulo Integrator permette di interfacciarsi con qualsiasi fonte dati, sia essa standard, ovvero relativa a soluzioni CRM, ERP, E-Commerce, di mercato o da soluzioni custom.<\/p>\n<p>[\/vc_column_text][\/vc_column_inner][\/vc_row_inner][\/vc_column][\/vc_row][vc_row wrap_container=&#8221;yes&#8221; is_section=&#8221;yes&#8221; section_skin=&#8221;primary&#8221; remove_margin_top=&#8221;yes&#8221; remove_margin_bottom=&#8221;yes&#8221; remove_border=&#8221;yes&#8221; conditional_render=&#8221;%5B%7B%22value_role%22%3A%22administrator%22%7D%5D&#8221;][vc_column][vc_row_inner animation_delay=&#8221;100&#8243; el_class=&#8221;align-items-center&#8221; animation_type=&#8221;fadeInLeft&#8221;][vc_column_inner el_class=&#8221;order-md-2&#8243; width=&#8221;1\/3&#8243;][vc_single_image image=&#8221;29617&#8243; img_size=&#8221;full&#8221; el_class=&#8221;mt-4&#8243; label=&#8221;&#8221;][\/vc_column_inner][vc_column_inner width=&#8221;2\/3&#8243;]<div class=\"porto-u-heading  wpb_custom_95aa9a11c17ad45cfabaf210d84ee7cc porto-u-ad87e2eaf3f9c495180fe0156ddf3eb0 \"><div class=\"porto-u-main-heading\"><h2   style=\"margin-bottom: 20px;font-size:25px;\">Data <b>Analyzer<\/b><\/h2><\/div><style>.porto-u-ad87e2eaf3f9c495180fe0156ddf3eb0.porto-u-heading{text-align:left}<\/style><\/div>[vc_column_text]<\/p>\n<p align=\"justify\">Per poter intervenire sulla qualit\u00e0 dei dati \u00e8 necessario prima avere una visione della reale situazione delle informazioni gestite dall\u2019azienda.\u00a0 Il Data Analyzer riesce a fornire un\u2019istantanea sullo stato dei dati. I suoi vantaggi sono ancora pi\u00f9 evidenti nel caso di grandi quantit\u00e0 di dati (BIG DATA).<\/p>\n<p>[\/vc_column_text][\/vc_column_inner][\/vc_row_inner][\/vc_column][\/vc_row][vc_row wrap_container=&#8221;yes&#8221; is_section=&#8221;yes&#8221; remove_margin_top=&#8221;yes&#8221; remove_margin_bottom=&#8221;yes&#8221; remove_border=&#8221;yes&#8221; conditional_render=&#8221;%5B%7B%22value_role%22%3A%22administrator%22%7D%5D&#8221;][vc_column][vc_row_inner animation_delay=&#8221;100&#8243; el_class=&#8221;align-items-center&#8221; animation_type=&#8221;fadeInRight&#8221;][vc_column_inner width=&#8221;1\/3&#8243;][vc_single_image image=&#8221;29618&#8243; img_size=&#8221;full&#8221; el_class=&#8221;mt-4&#8243; label=&#8221;&#8221;][\/vc_column_inner][vc_column_inner width=&#8221;2\/3&#8243;]<div class=\"porto-u-heading  wpb_custom_95aa9a11c17ad45cfabaf210d84ee7cc porto-u-ad87e2eaf3f9c495180fe0156ddf3eb0 \"><div class=\"porto-u-main-heading\"><h2   style=\"margin-bottom: 20px;font-size:25px;\">Data <b>Cleaner<\/b><\/h2><\/div><style>.porto-u-ad87e2eaf3f9c495180fe0156ddf3eb0.porto-u-heading{text-align:left}<\/style><\/div>[vc_column_text css=&#8221;.vc_custom_1701371957059{margin-bottom: 0px !important;}&#8221;]<\/p>\n<p style=\"text-align: justify;\">Il livello di qualit\u00e0 ottimale per i dati si ottiene quando l\u2019utente \u00e8 in grado di utilizzarli senza particolari delay e soprattutto errori. Ne consegue che il livello di qualit\u00e0 atteso dipende dall\u2019uso che si vuole fare dei dati elaborati.<\/p>\n<p style=\"text-align: justify;\">Le attivit\u00e0 di data cleansing consentono di identificare i KPI relativi al livello di qualit\u00e0 delle informazioni gestite, attingendo direttamente dalle sorgenti dati; attraverso opportuni repository \u00e8 possibile verificare le informazioni verificandone la correttezza ed eventualmente arricchirle.<\/p>\n<p>[\/vc_column_text][\/vc_column_inner][\/vc_row_inner][\/vc_column][\/vc_row][vc_row wrap_container=&#8221;yes&#8221; is_section=&#8221;yes&#8221; section_skin=&#8221;primary&#8221; remove_margin_top=&#8221;yes&#8221; remove_margin_bottom=&#8221;yes&#8221; remove_border=&#8221;yes&#8221; conditional_render=&#8221;%5B%7B%22value_role%22%3A%22administrator%22%7D%5D&#8221;][vc_column][vc_row_inner animation_delay=&#8221;100&#8243; el_class=&#8221;align-items-center&#8221; animation_type=&#8221;fadeInLeft&#8221;][vc_column_inner el_class=&#8221;order-md-2&#8243; width=&#8221;1\/3&#8243;][vc_single_image image=&#8221;29616&#8243; img_size=&#8221;full&#8221; el_class=&#8221;mt-4&#8243; label=&#8221;&#8221;][\/vc_column_inner][vc_column_inner width=&#8221;2\/3&#8243;]<div class=\"porto-u-heading  wpb_custom_95aa9a11c17ad45cfabaf210d84ee7cc porto-u-ad87e2eaf3f9c495180fe0156ddf3eb0 \"><div class=\"porto-u-main-heading\"><h2   style=\"margin-bottom: 20px;font-size:25px;\">Data <b>Consolidation <\/b> (M2 ENGINE)<\/h2><\/div><style>.porto-u-ad87e2eaf3f9c495180fe0156ddf3eb0.porto-u-heading{text-align:left}<\/style><\/div>[vc_column_text]<\/p>\n<p align=\"justify\">La piattaforma consente l\u2019individuazione di possibili duplicazioni all\u2019interno delle basi dati. L\u2019applicazione delle regole di business, che descrivono i processi aziendali relativi alla gestione delle informazioni contenute sulle basi dati gestite, consente la corretta selezione dell\u2019informazione primaria ed il suo arricchimento, ottenendo cos\u00ec una vista univoca dell\u2019informazione gestita dall\u2019azienda; \u00a0ovvero la\u00a0<strong>Unified Information View<\/strong>.<\/p>\n<p>[\/vc_column_text][\/vc_column_inner][\/vc_row_inner][\/vc_column][\/vc_row]<\/p>\n<\/div>","protected":false},"excerpt":{"rendered":"<p>[vc_row conditional_render=&#8221;%5B%7B%22value_role%22%3A%22administrator%22%7D%5D&#8221; el_class=&#8221;no-padding&#8221;][vc_column width=&#8221;1\/4&#8243; css=&#8221;.vc_custom_1700745383135{padding-top: 40px !important;padding-right: 40px !important;padding-bottom: 40px !important;padding-left: 40px !important;background-color: #1f3765 !important;}&#8221; conditional_render=&#8221;%5B%7B%22value_role%22%3A%22administrator%22%7D%5D&#8221;][\/vc_column][vc_column width=&#8221;1\/4&#8243; css=&#8221;.vc_custom_1700745472134{padding-top: 40px !important;padding-right: 40px !important;padding-bottom: 40px !important;padding-left: 40px !important;background-color: #213d72 !important;}&#8221; conditional_render=&#8221;%5B%7B%22value_role%22%3A%22administrator%22%7D%5D&#8221;][\/vc_column][vc_column width=&#8221;1\/4&#8243; css=&#8221;.vc_custom_1700745493144{padding-top: 40px !important;padding-right: 40px !important;padding-bottom: 40px !important;padding-left: 40px !important;background-color: #23417b !important;}&#8221; conditional_render=&#8221;%5B%7B%22value_role%22%3A%22administrator%22%7D%5D&#8221;][\/vc_column][vc_column width=&#8221;1\/4&#8243; css=&#8221;.vc_custom_1700745506371{padding-top: 40px !important;padding-right: 40px !important;padding-bottom: 40px !important;padding-left: 40px !important;background-color: #264785 !important;}&#8221; conditional_render=&#8221;%5B%7B%22value_role%22%3A%22administrator%22%7D%5D&#8221;][\/vc_column][\/vc_row][vc_row [&hellip;]<\/p>\n","protected":false},"author":1,"featured_media":0,"parent":29254,"menu_order":0,"comment_status":"closed","ping_status":"closed","template":"","meta":{"footnotes":""},"class_list":["post-29238","page","type-page","status-publish","hentry"],"yoast_head":"<!-- This site is optimized with the Yoast SEO plugin v27.4 - https:\/\/yoast.com\/product\/yoast-seo-wordpress\/ -->\n<title>Path - GruppoISC<\/title>\n<meta name=\"robots\" content=\"index, follow, max-snippet:-1, max-image-preview:large, max-video-preview:-1\" \/>\n<link rel=\"canonical\" href=\"https:\/\/www.gruppoisc.com\/website2025\/soluzioni\/path\/\" \/>\n<meta property=\"og:locale\" content=\"it_IT\" \/>\n<meta property=\"og:type\" content=\"article\" \/>\n<meta property=\"og:title\" content=\"Path - GruppoISC\" \/>\n<meta property=\"og:description\" content=\"[vc_row conditional_render=&#8221;%5B%7B%22value_role%22%3A%22administrator%22%7D%5D&#8221; el_class=&#8221;no-padding&#8221;][vc_column width=&#8221;1\/4&#8243; css=&#8221;.vc_custom_1700745383135{padding-top: 40px !important;padding-right: 40px !important;padding-bottom: 40px !important;padding-left: 40px !important;background-color: #1f3765 !important;}&#8221; conditional_render=&#8221;%5B%7B%22value_role%22%3A%22administrator%22%7D%5D&#8221;][\/vc_column][vc_column width=&#8221;1\/4&#8243; css=&#8221;.vc_custom_1700745472134{padding-top: 40px !important;padding-right: 40px !important;padding-bottom: 40px !important;padding-left: 40px !important;background-color: #213d72 !important;}&#8221; conditional_render=&#8221;%5B%7B%22value_role%22%3A%22administrator%22%7D%5D&#8221;][\/vc_column][vc_column width=&#8221;1\/4&#8243; css=&#8221;.vc_custom_1700745493144{padding-top: 40px !important;padding-right: 40px !important;padding-bottom: 40px !important;padding-left: 40px !important;background-color: #23417b !important;}&#8221; conditional_render=&#8221;%5B%7B%22value_role%22%3A%22administrator%22%7D%5D&#8221;][\/vc_column][vc_column width=&#8221;1\/4&#8243; css=&#8221;.vc_custom_1700745506371{padding-top: 40px !important;padding-right: 40px !important;padding-bottom: 40px !important;padding-left: 40px !important;background-color: #264785 !important;}&#8221; conditional_render=&#8221;%5B%7B%22value_role%22%3A%22administrator%22%7D%5D&#8221;][\/vc_column][\/vc_row][vc_row [&hellip;]\" \/>\n<meta property=\"og:url\" content=\"https:\/\/www.gruppoisc.com\/website2025\/soluzioni\/path\/\" \/>\n<meta property=\"og:site_name\" content=\"GruppoISC\" \/>\n<meta name=\"twitter:card\" content=\"summary_large_image\" \/>\n<meta name=\"twitter:label1\" content=\"Tempo di lettura stimato\" \/>\n\t<meta name=\"twitter:data1\" content=\"3 minuti\" \/>\n<script type=\"application\/ld+json\" class=\"yoast-schema-graph\">{\"@context\":\"https:\\\/\\\/schema.org\",\"@graph\":[{\"@type\":\"WebPage\",\"@id\":\"https:\\\/\\\/www.gruppoisc.com\\\/website2025\\\/soluzioni\\\/path\\\/\",\"url\":\"https:\\\/\\\/www.gruppoisc.com\\\/website2025\\\/soluzioni\\\/path\\\/\",\"name\":\"Path - GruppoISC\",\"isPartOf\":{\"@id\":\"https:\\\/\\\/www.gruppoisc.com\\\/website2025\\\/#website\"},\"datePublished\":\"2023-11-30T18:36:50+00:00\",\"breadcrumb\":{\"@id\":\"https:\\\/\\\/www.gruppoisc.com\\\/website2025\\\/soluzioni\\\/path\\\/#breadcrumb\"},\"inLanguage\":\"it-IT\",\"potentialAction\":[{\"@type\":\"ReadAction\",\"target\":[\"https:\\\/\\\/www.gruppoisc.com\\\/website2025\\\/soluzioni\\\/path\\\/\"]}]},{\"@type\":\"BreadcrumbList\",\"@id\":\"https:\\\/\\\/www.gruppoisc.com\\\/website2025\\\/soluzioni\\\/path\\\/#breadcrumb\",\"itemListElement\":[{\"@type\":\"ListItem\",\"position\":1,\"name\":\"Home\",\"item\":\"https:\\\/\\\/www.gruppoisc.com\\\/website2025\\\/\"},{\"@type\":\"ListItem\",\"position\":2,\"name\":\"Soluzioni\",\"item\":\"https:\\\/\\\/www.gruppoisc.com\\\/website2025\\\/soluzioni\\\/\"},{\"@type\":\"ListItem\",\"position\":3,\"name\":\"Path\"}]},{\"@type\":\"WebSite\",\"@id\":\"https:\\\/\\\/www.gruppoisc.com\\\/website2025\\\/#website\",\"url\":\"https:\\\/\\\/www.gruppoisc.com\\\/website2025\\\/\",\"name\":\"GruppoISC\",\"description\":\"Noi siamo Gruppo ISC\",\"potentialAction\":[{\"@type\":\"SearchAction\",\"target\":{\"@type\":\"EntryPoint\",\"urlTemplate\":\"https:\\\/\\\/www.gruppoisc.com\\\/website2025\\\/?s={search_term_string}\"},\"query-input\":{\"@type\":\"PropertyValueSpecification\",\"valueRequired\":true,\"valueName\":\"search_term_string\"}}],\"inLanguage\":\"it-IT\"}]}<\/script>\n<!-- \/ Yoast SEO plugin. -->","yoast_head_json":{"title":"Path - GruppoISC","robots":{"index":"index","follow":"follow","max-snippet":"max-snippet:-1","max-image-preview":"max-image-preview:large","max-video-preview":"max-video-preview:-1"},"canonical":"https:\/\/www.gruppoisc.com\/website2025\/soluzioni\/path\/","og_locale":"it_IT","og_type":"article","og_title":"Path - GruppoISC","og_description":"[vc_row conditional_render=&#8221;%5B%7B%22value_role%22%3A%22administrator%22%7D%5D&#8221; el_class=&#8221;no-padding&#8221;][vc_column width=&#8221;1\/4&#8243; css=&#8221;.vc_custom_1700745383135{padding-top: 40px !important;padding-right: 40px !important;padding-bottom: 40px !important;padding-left: 40px !important;background-color: #1f3765 !important;}&#8221; conditional_render=&#8221;%5B%7B%22value_role%22%3A%22administrator%22%7D%5D&#8221;][\/vc_column][vc_column width=&#8221;1\/4&#8243; css=&#8221;.vc_custom_1700745472134{padding-top: 40px !important;padding-right: 40px !important;padding-bottom: 40px !important;padding-left: 40px !important;background-color: #213d72 !important;}&#8221; conditional_render=&#8221;%5B%7B%22value_role%22%3A%22administrator%22%7D%5D&#8221;][\/vc_column][vc_column width=&#8221;1\/4&#8243; css=&#8221;.vc_custom_1700745493144{padding-top: 40px !important;padding-right: 40px !important;padding-bottom: 40px !important;padding-left: 40px !important;background-color: #23417b !important;}&#8221; conditional_render=&#8221;%5B%7B%22value_role%22%3A%22administrator%22%7D%5D&#8221;][\/vc_column][vc_column width=&#8221;1\/4&#8243; css=&#8221;.vc_custom_1700745506371{padding-top: 40px !important;padding-right: 40px !important;padding-bottom: 40px !important;padding-left: 40px !important;background-color: #264785 !important;}&#8221; conditional_render=&#8221;%5B%7B%22value_role%22%3A%22administrator%22%7D%5D&#8221;][\/vc_column][\/vc_row][vc_row [&hellip;]","og_url":"https:\/\/www.gruppoisc.com\/website2025\/soluzioni\/path\/","og_site_name":"GruppoISC","twitter_card":"summary_large_image","twitter_misc":{"Tempo di lettura stimato":"3 minuti"},"schema":{"@context":"https:\/\/schema.org","@graph":[{"@type":"WebPage","@id":"https:\/\/www.gruppoisc.com\/website2025\/soluzioni\/path\/","url":"https:\/\/www.gruppoisc.com\/website2025\/soluzioni\/path\/","name":"Path - GruppoISC","isPartOf":{"@id":"https:\/\/www.gruppoisc.com\/website2025\/#website"},"datePublished":"2023-11-30T18:36:50+00:00","breadcrumb":{"@id":"https:\/\/www.gruppoisc.com\/website2025\/soluzioni\/path\/#breadcrumb"},"inLanguage":"it-IT","potentialAction":[{"@type":"ReadAction","target":["https:\/\/www.gruppoisc.com\/website2025\/soluzioni\/path\/"]}]},{"@type":"BreadcrumbList","@id":"https:\/\/www.gruppoisc.com\/website2025\/soluzioni\/path\/#breadcrumb","itemListElement":[{"@type":"ListItem","position":1,"name":"Home","item":"https:\/\/www.gruppoisc.com\/website2025\/"},{"@type":"ListItem","position":2,"name":"Soluzioni","item":"https:\/\/www.gruppoisc.com\/website2025\/soluzioni\/"},{"@type":"ListItem","position":3,"name":"Path"}]},{"@type":"WebSite","@id":"https:\/\/www.gruppoisc.com\/website2025\/#website","url":"https:\/\/www.gruppoisc.com\/website2025\/","name":"GruppoISC","description":"Noi siamo Gruppo ISC","potentialAction":[{"@type":"SearchAction","target":{"@type":"EntryPoint","urlTemplate":"https:\/\/www.gruppoisc.com\/website2025\/?s={search_term_string}"},"query-input":{"@type":"PropertyValueSpecification","valueRequired":true,"valueName":"search_term_string"}}],"inLanguage":"it-IT"}]}},"_links":{"self":[{"href":"https:\/\/www.gruppoisc.com\/website2025\/wp-json\/wp\/v2\/pages\/29238","targetHints":{"allow":["GET"]}}],"collection":[{"href":"https:\/\/www.gruppoisc.com\/website2025\/wp-json\/wp\/v2\/pages"}],"about":[{"href":"https:\/\/www.gruppoisc.com\/website2025\/wp-json\/wp\/v2\/types\/page"}],"author":[{"embeddable":true,"href":"https:\/\/www.gruppoisc.com\/website2025\/wp-json\/wp\/v2\/users\/1"}],"replies":[{"embeddable":true,"href":"https:\/\/www.gruppoisc.com\/website2025\/wp-json\/wp\/v2\/comments?post=29238"}],"version-history":[{"count":0,"href":"https:\/\/www.gruppoisc.com\/website2025\/wp-json\/wp\/v2\/pages\/29238\/revisions"}],"up":[{"embeddable":true,"href":"https:\/\/www.gruppoisc.com\/website2025\/wp-json\/wp\/v2\/pages\/29254"}],"wp:attachment":[{"href":"https:\/\/www.gruppoisc.com\/website2025\/wp-json\/wp\/v2\/media?parent=29238"}],"curies":[{"name":"wp","href":"https:\/\/api.w.org\/{rel}","templated":true}]}}