{"id":29329,"date":"2023-12-01T17:08:47","date_gmt":"2023-12-01T17:08:47","guid":{"rendered":"https:\/\/gruppoisc.com\/website2023\/job-openings\/"},"modified":"2023-12-01T17:08:47","modified_gmt":"2023-12-01T17:08:47","slug":"lavora-con-noi","status":"publish","type":"page","link":"https:\/\/www.gruppoisc.com\/website2025\/lavora-con-noi\/","title":{"rendered":"Lavora con Noi"},"content":{"rendered":"<div class=\"wpb-content-wrapper\"><p>[vc_row wrap_container=&#8221;yes&#8221; is_section=&#8221;yes&#8221; section_skin=&#8221;parallax&#8221; remove_margin_top=&#8221;yes&#8221; remove_margin_bottom=&#8221;yes&#8221; remove_padding_bottom=&#8221;yes&#8221; remove_border=&#8221;yes&#8221; animation_delay=&#8221;&#8221; el_class=&#8221;overflow-hidden&#8221;][vc_column]<h2 class=\"word-rotator slide short\" data-appear-animation=\"maskUp\" data-appear-animation-delay=\"100\" style=\"font-size:32px;text-align:left;\" data-plugin-options=\"{'waittime': 2500, 'pauseOnHover': false}\"><span class=\"word-rotate-prefix\" style=\"font-weight:700;font-size:32px !important;\">Una nuova strada verso<\/span> <span class=\"word-rotator-items has-bg\" style=\"color:#ffffff;background:#0088cc;\"><b class=\"active\">le tue ambizioni<\/b><b>la tua crescita<\/b><b>il tuo successo<\/b><\/span><\/h2>[\/vc_column][\/vc_row][vc_row wrap_container=&#8221;yes&#8221; el_class=&#8221;mb-4 overflow-hidden&#8221;][vc_column animation_delay=&#8221;300&#8243; offset=&#8221;vc_col-xs-12&#8243; animation_type=&#8221;maskUp&#8221; conditional_render=&#8221;%5B%7B%22value_role%22%3A%22administrator%22%7D%5D&#8221;][vc_column_text el_class=&#8221;featured lead&#8221;]<\/p>\n<p style=\"text-align: justify;\">Dagli studi al mondo del lavoro, \u00e8 il passo pi\u00f9 lungo. Gruppo ISC valorizza i giovani, investendo sulla crescita delle competenze, premiando il talento, la qualit\u00e0 e l\u2019 iniziativa personale. Pertanto la nostra ricerca \u00e8 orientata verso persone che abbiano entusiasmo, propensione alla relazione ed al team working determinanti per il progresso della societ\u00e0. La formazione in Gruppo ISC, orientata a tutti i livelli, \u00e8 adeguata e costante, poich\u00e9 il mercato delle tecnologie e del consulting evolve rapidamente.<\/p>\n<p style=\"text-align: justify;\">La crescita sar\u00e0 guidata dai nostri manager che sanno scegliere chi vale per capacit\u00e0 di Leadership, motivazione del team di lavoro, visione del business, relazione e abilit\u00e0 nella soluzione dei problemi, collaborazione e condivisione degli obiettivi, qualit\u00e0 che emergono grazie ad un ambiente di lavoro in cui prevalgono gioco di squadra e rapidit\u00e0 delle decisioni.<\/p>\n<p>[\/vc_column_text][\/vc_column][\/vc_row][vc_row wrap_container=&#8221;yes&#8221; css=&#8221;.vc_custom_1542118729561{padding-top: 80px !important;padding-bottom: 40px !important;background-color: #f7f7f7 !important;}&#8221;][vc_column][vc_column_text]\t<div class=\"awsm-job-wrap awsm-job-form-plugin-style\">\n\n\t\t<div class=\"awsm-filter-wrap awsm-no-search-filter-wrap\"><form action=\"https:\/\/www.gruppoisc.com\/website2025\/wp-admin\/admin-ajax.php\" method=\"POST\"><a href=\"#\" class=\"awsm-filter-toggle\" role=\"button\" aria-pressed=\"false\"><span class=\"awsm-filter-toggle-text-wrapper\">Filter by<\/span><svg width=\"100\" height=\"100\" viewBox=\"0 0 100 100\" xmlns=\"http:\/\/www.w3.org\/2000\/svg\" version=\"1.1\" preserveAspectRatio=\"xMinYMin\"><path xmlns=\"http:\/\/www.w3.org\/2000\/svg\" fill=\"rgb(9.803922%,9.803922%,9.803922%)\" d=\"M 36.417969 19.9375 L 36.417969 17.265625 C 36.417969 16.160156 35.523438 15.265625 34.417969 15.265625 L 21.578125 15.265625 C 20.476562 15.265625 19.578125 16.160156 19.578125 17.265625 L 19.578125 19.9375 L 11 19.9375 L 11 26.9375 L 19.578125 26.9375 L 19.578125 30.105469 C 19.578125 31.210938 20.476562 32.105469 21.578125 32.105469 L 34.417969 32.105469 C 35.523438 32.105469 36.417969 31.210938 36.417969 30.105469 L 36.417969 26.9375 L 89 26.9375 L 89 19.9375 Z M 58.421875 43.578125 C 58.421875 42.476562 57.527344 41.578125 56.421875 41.578125 L 43.582031 41.578125 C 42.480469 41.578125 41.582031 42.476562 41.582031 43.578125 L 41.582031 46.5 L 11 46.5 L 11 53.5 L 41.582031 53.5 L 41.582031 56.421875 C 41.582031 57.527344 42.480469 58.421875 43.582031 58.421875 L 56.421875 58.421875 C 57.527344 58.421875 58.421875 57.527344 58.421875 56.421875 L 58.421875 53.5 L 89 53.5 L 89 46.5 L 58.421875 46.5 Z M 80.417969 70.140625 C 80.417969 69.035156 79.523438 68.140625 78.417969 68.140625 L 65.578125 68.140625 C 64.476562 68.140625 63.578125 69.035156 63.578125 70.140625 L 63.578125 73.0625 L 11 73.0625 L 11 80.0625 L 63.578125 80.0625 L 63.578125 82.984375 C 63.578125 84.085938 64.476562 84.984375 65.578125 84.984375 L 78.417969 84.984375 C 79.523438 84.984375 80.417969 84.085938 80.417969 82.984375 L 80.417969 80.0625 L 89 80.0625 L 89 73.0625 L 80.417969 73.0625 Z M 80.417969 70.140625\"\/><\/svg><\/a><div class=\"awsm-filter-items\"><div class=\"awsm-filter-item\" data-filter=\"job__category_spec\"><label for=\"awsm-job-category-filter-option-1\" class=\"awsm-sr-only\">All Job Category<\/label><select name=\"awsm_job_spec[job-category]\" class=\"awsm-filter-option awsm-job-category-filter-option\" id=\"awsm-job-category-filter-option-1\" aria-label=\"All Job Category\"><option value=\"\">All Job Category<\/option><option value=\"67\" data-slug=\"analista\">Analista<\/option><option value=\"110\" data-slug=\"engineer\">Engineer<\/option><option value=\"92\" data-slug=\"sistemista\">Sistemista<\/option><option value=\"93\" data-slug=\"sviluppo\">Sviluppo<\/option><\/select><\/div><div class=\"awsm-filter-item\" data-filter=\"job__type_spec\"><label for=\"awsm-job-type-filter-option-1\" class=\"awsm-sr-only\">All Job Type<\/label><select name=\"awsm_job_spec[job-type]\" class=\"awsm-filter-option awsm-job-type-filter-option\" id=\"awsm-job-type-filter-option-1\" aria-label=\"All Job Type\"><option value=\"\">All Job Type<\/option><option value=\"2\" data-slug=\"full-time\">Full Time<\/option><\/select><\/div><div class=\"awsm-filter-item\" data-filter=\"job__location_spec\"><label for=\"awsm-job-location-filter-option-1\" class=\"awsm-sr-only\">All Job Location<\/label><select name=\"awsm_job_spec[job-location]\" class=\"awsm-filter-option awsm-job-location-filter-option\" id=\"awsm-job-location-filter-option-1\" aria-label=\"All Job Location\"><option value=\"\">All Job Location<\/option><option value=\"69\" data-slug=\"bari\">Bari<\/option><option value=\"88\" data-slug=\"milano\">Milano<\/option><option value=\"111\" data-slug=\"remote\">Remote<\/option><option value=\"90\" data-slug=\"roma\">Roma<\/option><\/select><\/div><\/div><input type=\"hidden\" name=\"action\" value=\"jobfilter\"><\/form><\/div>\n\t\t<div class=\"awsm-job-listings awsm-lists\" data-listings=\"10\">\n\t\t\t\t\t<div class=\"awsm-job-listing-item awsm-list-item\" id=\"awsm-list-item-30423\">\t\t<div class=\"awsm-job-item\">\t\t\t<div class=\"awsm-list-left-col\">\n\t\t\t\t\n\t\t\t\t\n\t\t\t\t<h2 class=\"awsm-job-post-title\">\n\t\t\t\t\t<a href=\"https:\/\/www.gruppoisc.com\/website2025\/jobs\/junior-frontend-developer\/\">Junior Frontend Developer<\/a>\t\t\t\t<\/h2>\n\n\t\t\t\t\t\t\t<\/div>\n\n\t\t\t<div class=\"awsm-list-right-col\">\n\t\t\t\t<div class=\"awsm-job-specification-wrapper\"><div class=\"awsm-job-specification-item awsm-job-specification-job-category\"><span class=\"awsm-job-specification-term\">Sviluppo<\/span> <\/div><\/div><div class=\"awsm-job-more-container\"><a class=\"awsm-job-more\" href=\"https:\/\/www.gruppoisc.com\/website2025\/jobs\/junior-frontend-developer\/\">More Details <span><\/span><\/a><\/div>\t\t\t<\/div>\n\t\t<\/div>\t<\/div><div class=\"awsm-job-listing-item awsm-list-item\" id=\"awsm-list-item-30326\">\t\t<div class=\"awsm-job-item\">\t\t\t<div class=\"awsm-list-left-col\">\n\t\t\t\t\n\t\t\t\t\n\t\t\t\t<h2 class=\"awsm-job-post-title\">\n\t\t\t\t\t<a href=\"https:\/\/www.gruppoisc.com\/website2025\/jobs\/it-sistemista-a-roma-gestione-infrastrutture-virtualizzazione-sicurezza-informatica-windows-linux-vmware-networking\/\">Sistemista Senior<\/a>\t\t\t\t<\/h2>\n\n\t\t\t\t\t\t\t<\/div>\n\n\t\t\t<div class=\"awsm-list-right-col\">\n\t\t\t\t<div class=\"awsm-job-specification-wrapper\"><div class=\"awsm-job-specification-item awsm-job-specification-job-category\"><span class=\"awsm-job-specification-term\">Sistemista<\/span> <\/div><div class=\"awsm-job-specification-item awsm-job-specification-job-location\"><span class=\"awsm-job-specification-term\">Roma<\/span> <\/div><\/div><div class=\"awsm-job-more-container\"><a class=\"awsm-job-more\" href=\"https:\/\/www.gruppoisc.com\/website2025\/jobs\/it-sistemista-a-roma-gestione-infrastrutture-virtualizzazione-sicurezza-informatica-windows-linux-vmware-networking\/\">More Details <span><\/span><\/a><\/div>\t\t\t<\/div>\n\t\t<\/div>\t<\/div><div class=\"awsm-job-listing-item awsm-list-item\" id=\"awsm-list-item-30303\">\t\t<div class=\"awsm-job-item\">\t\t\t<div class=\"awsm-list-left-col\">\n\t\t\t\t\n\t\t\t\t\n\t\t\t\t<h2 class=\"awsm-job-post-title\">\n\t\t\t\t\t<a href=\"https:\/\/www.gruppoisc.com\/website2025\/jobs\/back-end-java-developer\/\">Back-End Java Developer<\/a>\t\t\t\t<\/h2>\n\n\t\t\t\t\t\t\t<\/div>\n\n\t\t\t<div class=\"awsm-list-right-col\">\n\t\t\t\t<div class=\"awsm-job-specification-wrapper\"><div class=\"awsm-job-specification-item awsm-job-specification-job-category\"><span class=\"awsm-job-specification-term\">Sviluppo<\/span> <\/div><div class=\"awsm-job-specification-item awsm-job-specification-job-location\"><span class=\"awsm-job-specification-term\">Roma<\/span> <\/div><\/div><div class=\"awsm-job-more-container\"><a class=\"awsm-job-more\" href=\"https:\/\/www.gruppoisc.com\/website2025\/jobs\/back-end-java-developer\/\">More Details <span><\/span><\/a><\/div>\t\t\t<\/div>\n\t\t<\/div>\t<\/div><div class=\"awsm-job-listing-item awsm-list-item\" id=\"awsm-list-item-30250\">\t\t<div class=\"awsm-job-item\">\t\t\t<div class=\"awsm-list-left-col\">\n\t\t\t\t\n\t\t\t\t\n\t\t\t\t<h2 class=\"awsm-job-post-title\">\n\t\t\t\t\t<a href=\"https:\/\/www.gruppoisc.com\/website2025\/jobs\/devops-engineer\/\">DevOps Engineer<\/a>\t\t\t\t<\/h2>\n\n\t\t\t\t\t\t\t<\/div>\n\n\t\t\t<div class=\"awsm-list-right-col\">\n\t\t\t\t<div class=\"awsm-job-specification-wrapper\"><div class=\"awsm-job-specification-item awsm-job-specification-job-category\"><span class=\"awsm-job-specification-term\">Engineer<\/span> <\/div><div class=\"awsm-job-specification-item awsm-job-specification-job-location\"><span class=\"awsm-job-specification-term\">Remote<\/span> <\/div><\/div><div class=\"awsm-job-more-container\"><a class=\"awsm-job-more\" href=\"https:\/\/www.gruppoisc.com\/website2025\/jobs\/devops-engineer\/\">More Details <span><\/span><\/a><\/div>\t\t\t<\/div>\n\t\t<\/div>\t<\/div><div class=\"awsm-job-listing-item awsm-list-item\" id=\"awsm-list-item-30240\">\t\t<div class=\"awsm-job-item\">\t\t\t<div class=\"awsm-list-left-col\">\n\t\t\t\t\n\t\t\t\t\n\t\t\t\t<h2 class=\"awsm-job-post-title\">\n\t\t\t\t\t<a href=\"https:\/\/www.gruppoisc.com\/website2025\/jobs\/platform-engineer\/\">Platform Engineer<\/a>\t\t\t\t<\/h2>\n\n\t\t\t\t\t\t\t<\/div>\n\n\t\t\t<div class=\"awsm-list-right-col\">\n\t\t\t\t<div class=\"awsm-job-specification-wrapper\"><div class=\"awsm-job-specification-item awsm-job-specification-job-category\"><span class=\"awsm-job-specification-term\">Sistemista<\/span> <\/div><div class=\"awsm-job-specification-item awsm-job-specification-job-location\"><span class=\"awsm-job-specification-term\">Roma<\/span> <\/div><\/div><div class=\"awsm-job-more-container\"><a class=\"awsm-job-more\" href=\"https:\/\/www.gruppoisc.com\/website2025\/jobs\/platform-engineer\/\">More Details <span><\/span><\/a><\/div>\t\t\t<\/div>\n\t\t<\/div>\t<\/div><div class=\"awsm-job-listing-item awsm-list-item\" id=\"awsm-list-item-30208\">\t\t<div class=\"awsm-job-item\">\t\t\t<div class=\"awsm-list-left-col\">\n\t\t\t\t\n\t\t\t\t\n\t\t\t\t<h2 class=\"awsm-job-post-title\">\n\t\t\t\t\t<a href=\"https:\/\/www.gruppoisc.com\/website2025\/jobs\/data-analyst\/\">Data Analyst<\/a>\t\t\t\t<\/h2>\n\n\t\t\t\t\t\t\t<\/div>\n\n\t\t\t<div class=\"awsm-list-right-col\">\n\t\t\t\t<div class=\"awsm-job-specification-wrapper\"><div class=\"awsm-job-specification-item awsm-job-specification-job-category\"><span class=\"awsm-job-specification-term\">Analista<\/span> <\/div><div class=\"awsm-job-specification-item awsm-job-specification-job-location\"><span class=\"awsm-job-specification-term\">Remote<\/span> <\/div><\/div><div class=\"awsm-job-more-container\"><a class=\"awsm-job-more\" href=\"https:\/\/www.gruppoisc.com\/website2025\/jobs\/data-analyst\/\">More Details <span><\/span><\/a><\/div>\t\t\t<\/div>\n\t\t<\/div>\t<\/div><div class=\"awsm-job-listing-item awsm-list-item\" id=\"awsm-list-item-29708\">\t\t<div class=\"awsm-job-item\">\t\t\t<div class=\"awsm-list-left-col\">\n\t\t\t\t\n\t\t\t\t\n\t\t\t\t<h2 class=\"awsm-job-post-title\">\n\t\t\t\t\t<a href=\"https:\/\/www.gruppoisc.com\/website2025\/jobs\/tecnico-informatico-service-desk\/\">IT Service Desk<\/a>\t\t\t\t<\/h2>\n\n\t\t\t\t\t\t\t<\/div>\n\n\t\t\t<div class=\"awsm-list-right-col\">\n\t\t\t\t<div class=\"awsm-job-specification-wrapper\"><div class=\"awsm-job-specification-item awsm-job-specification-job-category\"><span class=\"awsm-job-specification-term\">Sistemista<\/span> <\/div><div class=\"awsm-job-specification-item awsm-job-specification-job-location\"><span class=\"awsm-job-specification-term\">Roma<\/span> <\/div><\/div><div class=\"awsm-job-more-container\"><a class=\"awsm-job-more\" href=\"https:\/\/www.gruppoisc.com\/website2025\/jobs\/tecnico-informatico-service-desk\/\">More Details <span><\/span><\/a><\/div>\t\t\t<\/div>\n\t\t<\/div>\t<\/div><div class=\"awsm-job-listing-item awsm-list-item\" id=\"awsm-list-item-29707\">\t\t<div class=\"awsm-job-item\">\t\t\t<div class=\"awsm-list-left-col\">\n\t\t\t\t\n\t\t\t\t\n\t\t\t\t<h2 class=\"awsm-job-post-title\">\n\t\t\t\t\t<a href=\"https:\/\/www.gruppoisc.com\/website2025\/jobs\/solution-architect\/\">Solution Architect<\/a>\t\t\t\t<\/h2>\n\n\t\t\t\t\t\t\t<\/div>\n\n\t\t\t<div class=\"awsm-list-right-col\">\n\t\t\t\t<div class=\"awsm-job-specification-wrapper\"><div class=\"awsm-job-specification-item awsm-job-specification-job-category\"><span class=\"awsm-job-specification-term\">Engineer<\/span> <\/div><div class=\"awsm-job-specification-item awsm-job-specification-job-location\"><span class=\"awsm-job-specification-term\">Roma<\/span> <\/div><\/div><div class=\"awsm-job-more-container\"><a class=\"awsm-job-more\" href=\"https:\/\/www.gruppoisc.com\/website2025\/jobs\/solution-architect\/\">More Details <span><\/span><\/a><\/div>\t\t\t<\/div>\n\t\t<\/div>\t<\/div><div class=\"awsm-job-listing-item awsm-list-item\" id=\"awsm-list-item-28262\">\t\t<div class=\"awsm-job-item\">\t\t\t<div class=\"awsm-list-left-col\">\n\t\t\t\t\n\t\t\t\t\n\t\t\t\t<h2 class=\"awsm-job-post-title\">\n\t\t\t\t\t<a href=\"https:\/\/www.gruppoisc.com\/website2025\/jobs\/full-stack-developer-2\/\">Full Stack Developer<\/a>\t\t\t\t<\/h2>\n\n\t\t\t\t\t\t\t<\/div>\n\n\t\t\t<div class=\"awsm-list-right-col\">\n\t\t\t\t<div class=\"awsm-job-specification-wrapper\"><div class=\"awsm-job-specification-item awsm-job-specification-job-category\"><span class=\"awsm-job-specification-term\">Sviluppo<\/span> <\/div><div class=\"awsm-job-specification-item awsm-job-specification-job-location\"><span class=\"awsm-job-specification-term\">Bari<\/span> <span class=\"awsm-job-specification-term\">Milano<\/span> <span class=\"awsm-job-specification-term\">Roma<\/span> <\/div><\/div><div class=\"awsm-job-more-container\"><a class=\"awsm-job-more\" href=\"https:\/\/www.gruppoisc.com\/website2025\/jobs\/full-stack-developer-2\/\">More Details <span><\/span><\/a><\/div>\t\t\t<\/div>\n\t\t<\/div>\t<\/div>\t\t\t\t<\/div>\n\t<\/div>\n[\/vc_column_text][\/vc_column][\/vc_row]<\/p>\n<\/div>","protected":false},"excerpt":{"rendered":"<p>[vc_row wrap_container=&#8221;yes&#8221; is_section=&#8221;yes&#8221; section_skin=&#8221;parallax&#8221; remove_margin_top=&#8221;yes&#8221; remove_margin_bottom=&#8221;yes&#8221; remove_padding_bottom=&#8221;yes&#8221; remove_border=&#8221;yes&#8221; animation_delay=&#8221;&#8221; el_class=&#8221;overflow-hidden&#8221;][vc_column][\/vc_column][\/vc_row][vc_row wrap_container=&#8221;yes&#8221; el_class=&#8221;mb-4 overflow-hidden&#8221;][vc_column animation_delay=&#8221;300&#8243; offset=&#8221;vc_col-xs-12&#8243; animation_type=&#8221;maskUp&#8221; conditional_render=&#8221;%5B%7B%22value_role%22%3A%22administrator%22%7D%5D&#8221;][vc_column_text el_class=&#8221;featured lead&#8221;] Dagli studi al mondo del lavoro, \u00e8 il passo pi\u00f9 lungo. Gruppo ISC valorizza i giovani, investendo sulla crescita delle competenze, premiando il talento, la qualit\u00e0 e l\u2019 iniziativa personale. Pertanto la nostra ricerca \u00e8 orientata [&hellip;]<\/p>\n","protected":false},"author":1,"featured_media":0,"parent":0,"menu_order":0,"comment_status":"closed","ping_status":"closed","template":"","meta":{"footnotes":""},"class_list":["post-29329","page","type-page","status-publish","hentry"],"yoast_head":"<!-- This site is optimized with the Yoast SEO plugin v27.2 - https:\/\/yoast.com\/product\/yoast-seo-wordpress\/ -->\n<title>Lavora con Noi - GruppoISC<\/title>\n<meta name=\"robots\" content=\"index, follow, max-snippet:-1, max-image-preview:large, max-video-preview:-1\" \/>\n<link rel=\"canonical\" href=\"https:\/\/www.gruppoisc.com\/website2025\/lavora-con-noi\/\" \/>\n<meta property=\"og:locale\" content=\"it_IT\" \/>\n<meta property=\"og:type\" content=\"article\" \/>\n<meta property=\"og:title\" content=\"Lavora con Noi - GruppoISC\" \/>\n<meta property=\"og:description\" content=\"[vc_row wrap_container=&#8221;yes&#8221; is_section=&#8221;yes&#8221; section_skin=&#8221;parallax&#8221; remove_margin_top=&#8221;yes&#8221; remove_margin_bottom=&#8221;yes&#8221; remove_padding_bottom=&#8221;yes&#8221; remove_border=&#8221;yes&#8221; animation_delay=&#8221;&#8221; el_class=&#8221;overflow-hidden&#8221;][vc_column][\/vc_column][\/vc_row][vc_row wrap_container=&#8221;yes&#8221; el_class=&#8221;mb-4 overflow-hidden&#8221;][vc_column animation_delay=&#8221;300&#8243; offset=&#8221;vc_col-xs-12&#8243; animation_type=&#8221;maskUp&#8221; conditional_render=&#8221;%5B%7B%22value_role%22%3A%22administrator%22%7D%5D&#8221;][vc_column_text el_class=&#8221;featured lead&#8221;] Dagli studi al mondo del lavoro, \u00e8 il passo pi\u00f9 lungo. Gruppo ISC valorizza i giovani, investendo sulla crescita delle competenze, premiando il talento, la qualit\u00e0 e l\u2019 iniziativa personale. Pertanto la nostra ricerca \u00e8 orientata [&hellip;]\" \/>\n<meta property=\"og:url\" content=\"https:\/\/www.gruppoisc.com\/website2025\/lavora-con-noi\/\" \/>\n<meta property=\"og:site_name\" content=\"GruppoISC\" \/>\n<meta name=\"twitter:card\" content=\"summary_large_image\" \/>\n<meta name=\"twitter:label1\" content=\"Tempo di lettura stimato\" \/>\n\t<meta name=\"twitter:data1\" content=\"1 minuto\" \/>\n<script type=\"application\/ld+json\" class=\"yoast-schema-graph\">{\"@context\":\"https:\/\/schema.org\",\"@graph\":[{\"@type\":\"WebPage\",\"@id\":\"https:\/\/www.gruppoisc.com\/website2025\/lavora-con-noi\/\",\"url\":\"https:\/\/www.gruppoisc.com\/website2025\/lavora-con-noi\/\",\"name\":\"Lavora con Noi - GruppoISC\",\"isPartOf\":{\"@id\":\"https:\/\/www.gruppoisc.com\/website2025\/#website\"},\"datePublished\":\"2023-12-01T17:08:47+00:00\",\"breadcrumb\":{\"@id\":\"https:\/\/www.gruppoisc.com\/website2025\/lavora-con-noi\/#breadcrumb\"},\"inLanguage\":\"it-IT\",\"potentialAction\":[{\"@type\":\"ReadAction\",\"target\":[\"https:\/\/www.gruppoisc.com\/website2025\/lavora-con-noi\/\"]}]},{\"@type\":\"BreadcrumbList\",\"@id\":\"https:\/\/www.gruppoisc.com\/website2025\/lavora-con-noi\/#breadcrumb\",\"itemListElement\":[{\"@type\":\"ListItem\",\"position\":1,\"name\":\"Home\",\"item\":\"https:\/\/www.gruppoisc.com\/website2025\/\"},{\"@type\":\"ListItem\",\"position\":2,\"name\":\"Lavora con Noi\"}]},{\"@type\":\"WebSite\",\"@id\":\"https:\/\/www.gruppoisc.com\/website2025\/#website\",\"url\":\"https:\/\/www.gruppoisc.com\/website2025\/\",\"name\":\"GruppoISC\",\"description\":\"Noi siamo Gruppo ISC\",\"potentialAction\":[{\"@type\":\"SearchAction\",\"target\":{\"@type\":\"EntryPoint\",\"urlTemplate\":\"https:\/\/www.gruppoisc.com\/website2025\/?s={search_term_string}\"},\"query-input\":{\"@type\":\"PropertyValueSpecification\",\"valueRequired\":true,\"valueName\":\"search_term_string\"}}],\"inLanguage\":\"it-IT\"}]}<\/script>\n<!-- \/ Yoast SEO plugin. -->","yoast_head_json":{"title":"Lavora con Noi - GruppoISC","robots":{"index":"index","follow":"follow","max-snippet":"max-snippet:-1","max-image-preview":"max-image-preview:large","max-video-preview":"max-video-preview:-1"},"canonical":"https:\/\/www.gruppoisc.com\/website2025\/lavora-con-noi\/","og_locale":"it_IT","og_type":"article","og_title":"Lavora con Noi - GruppoISC","og_description":"[vc_row wrap_container=&#8221;yes&#8221; is_section=&#8221;yes&#8221; section_skin=&#8221;parallax&#8221; remove_margin_top=&#8221;yes&#8221; remove_margin_bottom=&#8221;yes&#8221; remove_padding_bottom=&#8221;yes&#8221; remove_border=&#8221;yes&#8221; animation_delay=&#8221;&#8221; el_class=&#8221;overflow-hidden&#8221;][vc_column][\/vc_column][\/vc_row][vc_row wrap_container=&#8221;yes&#8221; el_class=&#8221;mb-4 overflow-hidden&#8221;][vc_column animation_delay=&#8221;300&#8243; offset=&#8221;vc_col-xs-12&#8243; animation_type=&#8221;maskUp&#8221; conditional_render=&#8221;%5B%7B%22value_role%22%3A%22administrator%22%7D%5D&#8221;][vc_column_text el_class=&#8221;featured lead&#8221;] Dagli studi al mondo del lavoro, \u00e8 il passo pi\u00f9 lungo. Gruppo ISC valorizza i giovani, investendo sulla crescita delle competenze, premiando il talento, la qualit\u00e0 e l\u2019 iniziativa personale. Pertanto la nostra ricerca \u00e8 orientata [&hellip;]","og_url":"https:\/\/www.gruppoisc.com\/website2025\/lavora-con-noi\/","og_site_name":"GruppoISC","twitter_card":"summary_large_image","twitter_misc":{"Tempo di lettura stimato":"1 minuto"},"schema":{"@context":"https:\/\/schema.org","@graph":[{"@type":"WebPage","@id":"https:\/\/www.gruppoisc.com\/website2025\/lavora-con-noi\/","url":"https:\/\/www.gruppoisc.com\/website2025\/lavora-con-noi\/","name":"Lavora con Noi - GruppoISC","isPartOf":{"@id":"https:\/\/www.gruppoisc.com\/website2025\/#website"},"datePublished":"2023-12-01T17:08:47+00:00","breadcrumb":{"@id":"https:\/\/www.gruppoisc.com\/website2025\/lavora-con-noi\/#breadcrumb"},"inLanguage":"it-IT","potentialAction":[{"@type":"ReadAction","target":["https:\/\/www.gruppoisc.com\/website2025\/lavora-con-noi\/"]}]},{"@type":"BreadcrumbList","@id":"https:\/\/www.gruppoisc.com\/website2025\/lavora-con-noi\/#breadcrumb","itemListElement":[{"@type":"ListItem","position":1,"name":"Home","item":"https:\/\/www.gruppoisc.com\/website2025\/"},{"@type":"ListItem","position":2,"name":"Lavora con Noi"}]},{"@type":"WebSite","@id":"https:\/\/www.gruppoisc.com\/website2025\/#website","url":"https:\/\/www.gruppoisc.com\/website2025\/","name":"GruppoISC","description":"Noi siamo Gruppo ISC","potentialAction":[{"@type":"SearchAction","target":{"@type":"EntryPoint","urlTemplate":"https:\/\/www.gruppoisc.com\/website2025\/?s={search_term_string}"},"query-input":{"@type":"PropertyValueSpecification","valueRequired":true,"valueName":"search_term_string"}}],"inLanguage":"it-IT"}]}},"_links":{"self":[{"href":"https:\/\/www.gruppoisc.com\/website2025\/wp-json\/wp\/v2\/pages\/29329","targetHints":{"allow":["GET"]}}],"collection":[{"href":"https:\/\/www.gruppoisc.com\/website2025\/wp-json\/wp\/v2\/pages"}],"about":[{"href":"https:\/\/www.gruppoisc.com\/website2025\/wp-json\/wp\/v2\/types\/page"}],"author":[{"embeddable":true,"href":"https:\/\/www.gruppoisc.com\/website2025\/wp-json\/wp\/v2\/users\/1"}],"replies":[{"embeddable":true,"href":"https:\/\/www.gruppoisc.com\/website2025\/wp-json\/wp\/v2\/comments?post=29329"}],"version-history":[{"count":0,"href":"https:\/\/www.gruppoisc.com\/website2025\/wp-json\/wp\/v2\/pages\/29329\/revisions"}],"wp:attachment":[{"href":"https:\/\/www.gruppoisc.com\/website2025\/wp-json\/wp\/v2\/media?parent=29329"}],"curies":[{"name":"wp","href":"https:\/\/api.w.org\/{rel}","templated":true}]}}